{"id":221,"date":"2015-03-18T15:12:51","date_gmt":"2015-03-18T15:12:51","guid":{"rendered":""},"modified":"2022-09-12T11:54:05","modified_gmt":"2022-09-12T11:54:05","slug":"about","status":"publish","type":"page","link":"https:\/\/www.lively.brussels\/index.php\/about\/","title":{"rendered":"About"},"content":{"rendered":"\n<p><strong>L&rsquo;\u00e9conomie circulaire, une histoire qui reste \u00e0 raconter. <\/strong><\/p>\n\n\n\n<p><strong>C&rsquo;est sur cette id\u00e9e qu&rsquo;est n\u00e9, en d\u00e9cembre 2020, le projet LIVELY &#8211; ReMade In Brussels qui veut donner \u00e0 voir et \u00e0 comprendre l&rsquo;\u00e9conomie circulaire \u00e0 Bruxelles<\/strong>, ses acteurs, ses enjeux et ses aventures. <\/p>\n\n\n\n<p><strong>Pour ce faire, nous vous proposons notre Webmagazine consacr\u00e9 au secteur, \u00e0 ses actualit\u00e9s, \u00e0 l&rsquo;ensemble des acteurs bruxellois qui le font vivre (et \u00e0 leurs super-projets) et, plus globalement, \u00e0 tout ce qui concerne la Grande Transition que nous esp\u00e9rons tous. <\/strong><\/p>\n\n\n\n<hr class=\"wp-block-separator has-css-opacity\"\/>\n\n\n<div class=\"wp-block-image\">\n<figure class=\"aligncenter size-large is-resized\"><img loading=\"lazy\" decoding=\"async\" src=\"https:\/\/www.lively.brussels\/wp-content\/uploads\/2022\/09\/POUR-LE-WEB_memberofcirclemade-1024x1024.png\" alt=\"\" class=\"wp-image-6220\" width=\"200\" height=\"200\" srcset=\"https:\/\/www.lively.brussels\/wp-content\/uploads\/2022\/09\/POUR-LE-WEB_memberofcirclemade-1024x1023.png 1024w, https:\/\/www.lively.brussels\/wp-content\/uploads\/2022\/09\/POUR-LE-WEB_memberofcirclemade-300x300.png 300w, https:\/\/www.lively.brussels\/wp-content\/uploads\/2022\/09\/POUR-LE-WEB_memberofcirclemade-150x150.png 150w, https:\/\/www.lively.brussels\/wp-content\/uploads\/2022\/09\/POUR-LE-WEB_memberofcirclemade-768x767.png 768w, https:\/\/www.lively.brussels\/wp-content\/uploads\/2022\/09\/POUR-LE-WEB_memberofcirclemade-610x610.png 610w, https:\/\/www.lively.brussels\/wp-content\/uploads\/2022\/09\/POUR-LE-WEB_memberofcirclemade-640x639.png 640w, https:\/\/www.lively.brussels\/wp-content\/uploads\/2022\/09\/POUR-LE-WEB_memberofcirclemade-500x500.png 500w, https:\/\/www.lively.brussels\/wp-content\/uploads\/2022\/09\/POUR-LE-WEB_memberofcirclemade.png 1242w\" sizes=\"auto, (max-width: 200px) 100vw, 200px\" \/><\/figure>\n<\/div>\n\n\n<p>Depuis septembre 2021, Lively &#8211; ReMade In Brussels est fi\u00e9rement membre du <strong><a href=\"https:\/\/www.circlemade.brussels\/\" target=\"_blank\" rel=\"noreferrer noopener\">Cluster circlemade de hub.brussels <\/a>qui rassemble les acteurs bruxellois de l&rsquo;\u00e9conomie circulaire. <\/strong><\/p>\n\n\n<div class=\"wp-block-image\">\n<figure class=\"aligncenter size-large\"><img loading=\"lazy\" decoding=\"async\" width=\"1024\" height=\"398\" src=\"https:\/\/www.lively.brussels\/wp-content\/uploads\/2021\/10\/Circlemade_brussels-rvb-SANS-FOND-1024x398.png\" alt=\"\" class=\"wp-image-4763\" srcset=\"https:\/\/www.lively.brussels\/wp-content\/uploads\/2021\/10\/Circlemade_brussels-rvb-SANS-FOND-1024x398.png 1024w, https:\/\/www.lively.brussels\/wp-content\/uploads\/2021\/10\/Circlemade_brussels-rvb-SANS-FOND-300x117.png 300w, https:\/\/www.lively.brussels\/wp-content\/uploads\/2021\/10\/Circlemade_brussels-rvb-SANS-FOND-768x299.png 768w, https:\/\/www.lively.brussels\/wp-content\/uploads\/2021\/10\/Circlemade_brussels-rvb-SANS-FOND-1536x597.png 1536w, https:\/\/www.lively.brussels\/wp-content\/uploads\/2021\/10\/Circlemade_brussels-rvb-SANS-FOND-2048x796.png 2048w, https:\/\/www.lively.brussels\/wp-content\/uploads\/2021\/10\/Circlemade_brussels-rvb-SANS-FOND-610x237.png 610w, https:\/\/www.lively.brussels\/wp-content\/uploads\/2021\/10\/Circlemade_brussels-rvb-SANS-FOND-640x249.png 640w, https:\/\/www.lively.brussels\/wp-content\/uploads\/2021\/10\/Circlemade_brussels-rvb-SANS-FOND-1000x389.png 1000w, https:\/\/www.lively.brussels\/wp-content\/uploads\/2021\/10\/Circlemade_brussels-rvb-SANS-FOND-1320x513.png 1320w\" sizes=\"auto, (max-width: 1024px) 100vw, 1024px\" \/><\/figure>\n<\/div>\n\n\n<hr class=\"wp-block-separator has-css-opacity\"\/>\n\n\n\n<p>Qui plus est, pour son lancement, le projet a re\u00e7u <a href=\"http:\/\/www.circulareconomy.brussels\/\" target=\"_blank\" rel=\"noreferrer noopener\">le soutien du Programme Be.Circular<\/a> de la R\u00e9gion de Bruxelles-Capitale.<\/p>\n\n\n\n<p><\/p>\n\n\n<div class=\"wp-block-image\">\n<figure class=\"aligncenter size-large\"><a href=\"http:\/\/www.circulareconomy.brussels\/\" target=\"_blank\" rel=\"noopener noreferrer\" class=\"img-link\"><img loading=\"lazy\" decoding=\"async\" width=\"300\" height=\"150\" src=\"https:\/\/www.lively.brussels\/wp-content\/uploads\/2020\/09\/becircular.png\" alt=\"\" class=\"wp-image-643\"\/><\/a><\/figure>\n<\/div>\n\n\n<hr class=\"wp-block-separator has-css-opacity\"\/>\n\n\n\n<h2 class=\"wp-block-heading\">Les plumes<\/h2>\n\n\n\n<p><strong>Ce sont les plumes du Webmag, celles et ceux qui, chaque mois, font vivre LIVELY avec de belles histoires..<\/strong>.<\/p>\n\n\n<div class=\"wp-block-image\">\n<figure class=\"aligncenter size-large is-resized\"><img loading=\"lazy\" decoding=\"async\" src=\"https:\/\/www.lively.brussels\/wp-content\/uploads\/2021\/03\/CELINE-2021.png\" alt=\"\" class=\"wp-image-2138\" width=\"150\" height=\"150\" srcset=\"https:\/\/www.lively.brussels\/wp-content\/uploads\/2021\/03\/CELINE-2021.png 200w, https:\/\/www.lively.brussels\/wp-content\/uploads\/2021\/03\/CELINE-2021-150x150.png 150w\" sizes=\"auto, (max-width: 150px) 100vw, 150px\" \/><\/figure>\n<\/div>\n\n\n<p class=\"has-text-align-center\">Directrice de l&rsquo;Institute for European Environmental Policy (IEEP), <strong>C\u00e9line <\/strong>milite depuis des ann\u00e9es pour l&rsquo;environnement et la prise en compte des questions \u00e9cologiques au niveau europ\u00e9en et \u00e0 l&rsquo;\u00e9chelle internationale.<\/p>\n\n\n\n<hr class=\"wp-block-separator has-css-opacity\"\/>\n\n\n<div class=\"wp-block-image\">\n<figure class=\"aligncenter size-large is-resized\"><img loading=\"lazy\" decoding=\"async\" src=\"https:\/\/www.lively.brussels\/wp-content\/uploads\/2021\/03\/MANU-2021.png\" alt=\"\" class=\"wp-image-2139\" width=\"150\" height=\"150\" srcset=\"https:\/\/www.lively.brussels\/wp-content\/uploads\/2021\/03\/MANU-2021.png 200w, https:\/\/www.lively.brussels\/wp-content\/uploads\/2021\/03\/MANU-2021-150x150.png 150w\" sizes=\"auto, (max-width: 150px) 100vw, 150px\" \/><\/figure>\n<\/div>\n\n\n<p class=\"has-text-align-center\">Expert en \u00e9conomie circulaire, <strong>Manu <\/strong>accompagne les entreprises et institutions dans leurs transitions vers des mod\u00e8les \u00e9conomiques plus r\u00e9silients. Il facilite et participe \u00e0 plusieurs strat\u00e9gies et projets en \u00e9conomie circulaire, et enseigne l&rsquo;\u00e9conomie r\u00e9g\u00e9n\u00e9rative et contributive dans plusieurs universit\u00e9s et hautes \u00e9coles.<\/p>\n\n\n\n<hr class=\"wp-block-separator has-css-opacity\"\/>\n\n\n<div class=\"wp-block-image\">\n<figure class=\"aligncenter size-full is-resized\"><img loading=\"lazy\" decoding=\"async\" src=\"https:\/\/www.lively.brussels\/wp-content\/uploads\/2021\/09\/CHRISTIAN.png\" alt=\"\" class=\"wp-image-3719\" width=\"150\" height=\"150\" srcset=\"https:\/\/www.lively.brussels\/wp-content\/uploads\/2021\/09\/CHRISTIAN.png 200w, https:\/\/www.lively.brussels\/wp-content\/uploads\/2021\/09\/CHRISTIAN-150x150.png 150w\" sizes=\"auto, (max-width: 150px) 100vw, 150px\" \/><\/figure>\n<\/div>\n\n\n<p class=\"has-text-align-center\">Ing\u00e9nieur de recherche \u00e0 l\u2019Institut National de Recherche pour l&rsquo;Agriculture, l&rsquo;Alimentation et l&rsquo;Environnement (INRAE), <strong>Christian <\/strong>est sp\u00e9cialiste des questions de valorisation des d\u00e9chets biod\u00e9gradables. <br>Passionn\u00e9 par le dialogue science \/ soci\u00e9t\u00e9 autour des questions de transition \u00e9cologique, il est aussi auteur et co-auteur d\u2019ouvrages sur les d\u00e9chets pour un public de non-sp\u00e9cialistes. <\/p>\n\n\n\n<hr class=\"wp-block-separator has-css-opacity\"\/>\n\n\n<div class=\"wp-block-image\">\n<figure class=\"aligncenter size-large is-resized\"><img loading=\"lazy\" decoding=\"async\" src=\"https:\/\/www.lively.brussels\/wp-content\/uploads\/2021\/03\/SYBILLE-2021.png\" alt=\"\" class=\"wp-image-2141\" width=\"150\" height=\"150\" srcset=\"https:\/\/www.lively.brussels\/wp-content\/uploads\/2021\/03\/SYBILLE-2021.png 200w, https:\/\/www.lively.brussels\/wp-content\/uploads\/2021\/03\/SYBILLE-2021-150x150.png 150w\" sizes=\"auto, (max-width: 150px) 100vw, 150px\" \/><\/figure>\n<\/div>\n\n\n<p class=\"has-text-align-center\">Apr\u00e8s un parcours en communication et journalisme, <strong>Sybille <\/strong>s\u2019est orient\u00e9e vers la r\u00e9daction en freelance afin de pouvoir aborder tous les sujets qui lui sont chers : changements de soci\u00e9t\u00e9, d\u00e9veloppement durable, initiatives locales ou encore bien manger. Autant de th\u00e9matiques au c\u0153ur du projet Lively ReMade in Brussels !<\/p>\n\n\n\n<hr class=\"wp-block-separator has-css-opacity\"\/>\n\n\n<div class=\"wp-block-image\">\n<figure class=\"aligncenter size-large is-resized\"><img loading=\"lazy\" decoding=\"async\" src=\"https:\/\/www.lively.brussels\/wp-content\/uploads\/2021\/03\/ANTOINE-2021.png\" alt=\"\" class=\"wp-image-2142\" width=\"150\" height=\"150\" srcset=\"https:\/\/www.lively.brussels\/wp-content\/uploads\/2021\/03\/ANTOINE-2021.png 200w, https:\/\/www.lively.brussels\/wp-content\/uploads\/2021\/03\/ANTOINE-2021-150x150.png 150w\" sizes=\"auto, (max-width: 150px) 100vw, 150px\" \/><\/figure>\n<\/div>\n\n\n<p class=\"has-text-align-center\"><strong>Antoine&nbsp;<\/strong>travaille sur l&rsquo;acc\u00e8s \u00e0 l&rsquo;\u00e9nergie&nbsp;en Afrique subsaharienne&nbsp;pour le&nbsp;Partenariat pour l&rsquo;\u00e9nergie renouvelable et l&rsquo;efficacit\u00e9 \u00e9nerg\u00e9tique (REEEP). <br>Riche de son parcours international et de ses exp\u00e9riences dans les secteurs priv\u00e9s et publics, il traite avec passion des sujets li\u00e9s \u00e0 une \u00e9conomie juste, circulaire et bas carbone.<\/p>\n\n\n\n<hr class=\"wp-block-separator has-css-opacity\"\/>\n\n\n<div class=\"wp-block-image\">\n<figure class=\"aligncenter size-large is-resized\"><img decoding=\"async\" src=\"https:\/\/www.lively.brussels\/wp-content\/uploads\/2021\/07\/JESUS-2021.png\" alt=\"\" class=\"wp-image-3580\" width=\"150\" srcset=\"https:\/\/www.lively.brussels\/wp-content\/uploads\/2021\/07\/JESUS-2021.png 200w, https:\/\/www.lively.brussels\/wp-content\/uploads\/2021\/07\/JESUS-2021-150x150.png 150w\" sizes=\"(max-width: 200px) 100vw, 200px\" \/><\/figure>\n<\/div>\n\n\n<p class=\"has-text-align-center\">Analyste en politique environnementale \u00e0 l\u2019Institute for European Environmental Policy (IEEP), <strong>Jesus <\/strong>est passionn\u00e9 par l&rsquo;environnement et il est sp\u00e9cialis\u00e9 dans l&rsquo;\u00e9conomie du changement climatique. Il travaille plus particuli\u00e8rement sur la transition vers une \u00e9conomie circulaire et bas carbone.<\/p>\n\n\n\n<hr class=\"wp-block-separator has-css-opacity\"\/>\n\n\n<div class=\"wp-block-image\">\n<figure class=\"aligncenter size-large is-resized\"><img decoding=\"async\" src=\"https:\/\/www.lively.brussels\/wp-content\/uploads\/2021\/03\/JULIE-2021.png\" alt=\"\" class=\"wp-image-2144\" width=\"150\" srcset=\"https:\/\/www.lively.brussels\/wp-content\/uploads\/2021\/03\/JULIE-2021.png 200w, https:\/\/www.lively.brussels\/wp-content\/uploads\/2021\/03\/JULIE-2021-150x150.png 150w\" sizes=\"(max-width: 200px) 100vw, 200px\" \/><\/figure>\n<\/div>\n\n\n<p class=\"has-text-align-center\">Directrice artistique de l&rsquo;agence Sense, <strong>Julie <\/strong>est la cr\u00e9atrice de l&rsquo;univers visuel (et du nom) LIVELY. Passionn\u00e9e de design, de nature et de soleil, elle \u0153uvre pour donner \u00e0 voir et \u00e0 comprendre les engagements et les histoires de ceux qui \u0153uvrent pour un monde meilleur.<\/p>\n\n\n\n<hr class=\"wp-block-separator has-css-opacity\"\/>\n\n\n<div class=\"wp-block-image\">\n<figure class=\"aligncenter size-large is-resized\"><img loading=\"lazy\" decoding=\"async\" src=\"https:\/\/www.lively.brussels\/wp-content\/uploads\/2021\/03\/DAN-2021.png\" alt=\"\" class=\"wp-image-2143\" width=\"150\" height=\"150\" srcset=\"https:\/\/www.lively.brussels\/wp-content\/uploads\/2021\/03\/DAN-2021.png 200w, https:\/\/www.lively.brussels\/wp-content\/uploads\/2021\/03\/DAN-2021-150x150.png 150w\" sizes=\"auto, (max-width: 150px) 100vw, 150px\" \/><\/figure>\n<\/div>\n\n\n<p class=\"has-text-align-center\">Journaliste de formation et fondateur de l&rsquo;agence Sense Brussels, <strong>Dan<\/strong> est l&rsquo;initiateur du projet Lively &#8211; ReMade in Brussels. Passionn\u00e9 d&rsquo;environnement, il veut raconter les milles histoires de l&rsquo;\u00e9cologie urbaine et des ses acteurs \u00e0 Bruxelles.<\/p>\n\n\n\n<hr class=\"wp-block-separator has-css-opacity\"\/>\n\n\n<div class=\"wp-block-image\">\n<figure class=\"aligncenter size-large is-resized\"><img loading=\"lazy\" decoding=\"async\" src=\"https:\/\/www.lively.brussels\/wp-content\/uploads\/2021\/03\/NEMO-2021.png\" alt=\"\" class=\"wp-image-2150\" width=\"150\" height=\"150\" srcset=\"https:\/\/www.lively.brussels\/wp-content\/uploads\/2021\/03\/NEMO-2021.png 200w, https:\/\/www.lively.brussels\/wp-content\/uploads\/2021\/03\/NEMO-2021-150x150.png 150w\" sizes=\"auto, (max-width: 150px) 100vw, 150px\" \/><\/figure>\n<\/div>\n\n\n<p class=\"has-text-align-center\">Artiste et \u00e9tudiant en communication &amp; image, <strong>N\u00e9mo <\/strong>est le graphiste pour les r\u00e9seaux sociaux et le community manager du Webmagazine LIVELY. Foisonnant d&rsquo;id\u00e9es et d&rsquo;images. <\/p>\n\n\n\n<hr class=\"wp-block-separator has-css-opacity\"\/>\n","protected":false},"excerpt":{"rendered":"<p>L&rsquo;\u00e9conomie circulaire, une histoire qui reste \u00e0 raconter. C&rsquo;est sur cette id\u00e9e qu&rsquo;est n\u00e9, en d\u00e9cembre 2020, le projet LIVELY &#8211; ReMade In Brussels qui veut donner \u00e0 voir et \u00e0 comprendre l&rsquo;\u00e9conomie circulaire \u00e0 [&hellip;]<\/p>\n","protected":false},"author":2,"featured_media":0,"parent":0,"menu_order":0,"comment_status":"closed","ping_status":"closed","template":"","meta":{"ngg_post_thumbnail":0,"footnotes":""},"class_list":["post-221","page","type-page","status-publish","hentry","entry-card--text"],"yoast_head":"<!-- This site is optimized with the Yoast SEO plugin v27.2 - https:\/\/yoast.com\/product\/yoast-seo-wordpress\/ -->\n<title>About &#060; LIVELY - Le WebMag de l&#039;\u00e9conomie circulaire<\/title>\n<meta name=\"description\" content=\"Le Webmagazine de l&#039;\u00e9conomie circulaire \u00e0 Bruxelles, de la transition \u00e9conomique et de la durabilit\u00e9.\" \/>\n<meta name=\"robots\" content=\"index, follow, max-snippet:-1, max-image-preview:large, max-video-preview:-1\" \/>\n<link rel=\"canonical\" href=\"https:\/\/www.lively.brussels\/index.php\/about\/\" \/>\n<meta property=\"og:locale\" content=\"fr_FR\" \/>\n<meta property=\"og:type\" content=\"article\" \/>\n<meta property=\"og:title\" content=\"About &#060; LIVELY - Le WebMag de l&#039;\u00e9conomie circulaire\" \/>\n<meta property=\"og:description\" content=\"Le Webmagazine de l&#039;\u00e9conomie circulaire \u00e0 Bruxelles, de la transition \u00e9conomique et de la durabilit\u00e9.\" \/>\n<meta property=\"og:url\" content=\"https:\/\/www.lively.brussels\/index.php\/about\/\" \/>\n<meta property=\"og:site_name\" content=\"LIVELY - Le WebMag de l&#039;\u00e9conomie circulaire\" \/>\n<meta property=\"article:publisher\" content=\"https:\/\/www.facebook.com\/LivelyBrussels\/\" \/>\n<meta property=\"article:modified_time\" content=\"2022-09-12T11:54:05+00:00\" \/>\n<meta property=\"og:image\" content=\"https:\/\/www.lively.brussels\/wp-content\/uploads\/2022\/09\/POUR-LE-WEB_memberofcirclemade-1024x1024.png\" \/>\n<meta name=\"twitter:card\" content=\"summary_large_image\" \/>\n<meta name=\"twitter:site\" content=\"@BrusselsLively\" \/>\n<meta name=\"twitter:label1\" content=\"Dur\u00e9e de lecture estim\u00e9e\" \/>\n\t<meta name=\"twitter:data1\" content=\"5 minutes\" \/>\n<script type=\"application\/ld+json\" class=\"yoast-schema-graph\">{\"@context\":\"https:\/\/schema.org\",\"@graph\":[{\"@type\":\"WebPage\",\"@id\":\"https:\/\/www.lively.brussels\/index.php\/about\/\",\"url\":\"https:\/\/www.lively.brussels\/index.php\/about\/\",\"name\":\"About &#060; LIVELY - Le WebMag de l&#039;\u00e9conomie circulaire\",\"isPartOf\":{\"@id\":\"https:\/\/www.lively.brussels\/#website\"},\"primaryImageOfPage\":{\"@id\":\"https:\/\/www.lively.brussels\/index.php\/about\/#primaryimage\"},\"image\":{\"@id\":\"https:\/\/www.lively.brussels\/index.php\/about\/#primaryimage\"},\"thumbnailUrl\":\"https:\/\/www.lively.brussels\/wp-content\/uploads\/2022\/09\/POUR-LE-WEB_memberofcirclemade-1024x1024.png\",\"datePublished\":\"2015-03-18T15:12:51+00:00\",\"dateModified\":\"2022-09-12T11:54:05+00:00\",\"description\":\"Le Webmagazine de l'\u00e9conomie circulaire \u00e0 Bruxelles, de la transition \u00e9conomique et de la durabilit\u00e9.\",\"breadcrumb\":{\"@id\":\"https:\/\/www.lively.brussels\/index.php\/about\/#breadcrumb\"},\"inLanguage\":\"fr-FR\",\"potentialAction\":[{\"@type\":\"ReadAction\",\"target\":[\"https:\/\/www.lively.brussels\/index.php\/about\/\"]}]},{\"@type\":\"ImageObject\",\"inLanguage\":\"fr-FR\",\"@id\":\"https:\/\/www.lively.brussels\/index.php\/about\/#primaryimage\",\"url\":\"https:\/\/www.lively.brussels\/wp-content\/uploads\/2022\/09\/POUR-LE-WEB_memberofcirclemade.png\",\"contentUrl\":\"https:\/\/www.lively.brussels\/wp-content\/uploads\/2022\/09\/POUR-LE-WEB_memberofcirclemade.png\",\"width\":1242,\"height\":1241},{\"@type\":\"BreadcrumbList\",\"@id\":\"https:\/\/www.lively.brussels\/index.php\/about\/#breadcrumb\",\"itemListElement\":[{\"@type\":\"ListItem\",\"position\":1,\"name\":\"Accueil\",\"item\":\"https:\/\/www.lively.brussels\/\"},{\"@type\":\"ListItem\",\"position\":2,\"name\":\"About\"}]},{\"@type\":\"WebSite\",\"@id\":\"https:\/\/www.lively.brussels\/#website\",\"url\":\"https:\/\/www.lively.brussels\/\",\"name\":\"LIVELY - Le WebMag de l&#039;\u00e9conomie circulaire\",\"description\":\"Pour tout savoir de l&#039;\u00e9conomie circulaire \u00e0 Bruxelles, en Belgique et dans le reste de l&#039;univers\",\"publisher\":{\"@id\":\"https:\/\/www.lively.brussels\/#organization\"},\"potentialAction\":[{\"@type\":\"SearchAction\",\"target\":{\"@type\":\"EntryPoint\",\"urlTemplate\":\"https:\/\/www.lively.brussels\/?s={search_term_string}\"},\"query-input\":{\"@type\":\"PropertyValueSpecification\",\"valueRequired\":true,\"valueName\":\"search_term_string\"}}],\"inLanguage\":\"fr-FR\"},{\"@type\":\"Organization\",\"@id\":\"https:\/\/www.lively.brussels\/#organization\",\"name\":\"Sense Brussels SCRL\",\"url\":\"https:\/\/www.lively.brussels\/\",\"logo\":{\"@type\":\"ImageObject\",\"inLanguage\":\"fr-FR\",\"@id\":\"https:\/\/www.lively.brussels\/#\/schema\/logo\/image\/\",\"url\":\"https:\/\/www.lively.brussels\/wp-content\/uploads\/2020\/08\/Lively_Favicon.jpg\",\"contentUrl\":\"https:\/\/www.lively.brussels\/wp-content\/uploads\/2020\/08\/Lively_Favicon.jpg\",\"width\":134,\"height\":134,\"caption\":\"Sense Brussels SCRL\"},\"image\":{\"@id\":\"https:\/\/www.lively.brussels\/#\/schema\/logo\/image\/\"},\"sameAs\":[\"https:\/\/www.facebook.com\/LivelyBrussels\/\",\"https:\/\/x.com\/BrusselsLively\",\"https:\/\/www.instagram.com\/livelybrussels\/\",\"https:\/\/www.linkedin.com\/company\/lively-brussels\"]}]}<\/script>\n<!-- \/ Yoast SEO plugin. -->","yoast_head_json":{"title":"About &#060; LIVELY - Le WebMag de l&#039;\u00e9conomie circulaire","description":"Le Webmagazine de l'\u00e9conomie circulaire \u00e0 Bruxelles, de la transition \u00e9conomique et de la durabilit\u00e9.","robots":{"index":"index","follow":"follow","max-snippet":"max-snippet:-1","max-image-preview":"max-image-preview:large","max-video-preview":"max-video-preview:-1"},"canonical":"https:\/\/www.lively.brussels\/index.php\/about\/","og_locale":"fr_FR","og_type":"article","og_title":"About &#060; LIVELY - Le WebMag de l&#039;\u00e9conomie circulaire","og_description":"Le Webmagazine de l'\u00e9conomie circulaire \u00e0 Bruxelles, de la transition \u00e9conomique et de la durabilit\u00e9.","og_url":"https:\/\/www.lively.brussels\/index.php\/about\/","og_site_name":"LIVELY - Le WebMag de l&#039;\u00e9conomie circulaire","article_publisher":"https:\/\/www.facebook.com\/LivelyBrussels\/","article_modified_time":"2022-09-12T11:54:05+00:00","og_image":[{"url":"https:\/\/www.lively.brussels\/wp-content\/uploads\/2022\/09\/POUR-LE-WEB_memberofcirclemade-1024x1024.png","type":"","width":"","height":""}],"twitter_card":"summary_large_image","twitter_site":"@BrusselsLively","twitter_misc":{"Dur\u00e9e de lecture estim\u00e9e":"5 minutes"},"schema":{"@context":"https:\/\/schema.org","@graph":[{"@type":"WebPage","@id":"https:\/\/www.lively.brussels\/index.php\/about\/","url":"https:\/\/www.lively.brussels\/index.php\/about\/","name":"About &#060; LIVELY - Le WebMag de l&#039;\u00e9conomie circulaire","isPartOf":{"@id":"https:\/\/www.lively.brussels\/#website"},"primaryImageOfPage":{"@id":"https:\/\/www.lively.brussels\/index.php\/about\/#primaryimage"},"image":{"@id":"https:\/\/www.lively.brussels\/index.php\/about\/#primaryimage"},"thumbnailUrl":"https:\/\/www.lively.brussels\/wp-content\/uploads\/2022\/09\/POUR-LE-WEB_memberofcirclemade-1024x1024.png","datePublished":"2015-03-18T15:12:51+00:00","dateModified":"2022-09-12T11:54:05+00:00","description":"Le Webmagazine de l'\u00e9conomie circulaire \u00e0 Bruxelles, de la transition \u00e9conomique et de la durabilit\u00e9.","breadcrumb":{"@id":"https:\/\/www.lively.brussels\/index.php\/about\/#breadcrumb"},"inLanguage":"fr-FR","potentialAction":[{"@type":"ReadAction","target":["https:\/\/www.lively.brussels\/index.php\/about\/"]}]},{"@type":"ImageObject","inLanguage":"fr-FR","@id":"https:\/\/www.lively.brussels\/index.php\/about\/#primaryimage","url":"https:\/\/www.lively.brussels\/wp-content\/uploads\/2022\/09\/POUR-LE-WEB_memberofcirclemade.png","contentUrl":"https:\/\/www.lively.brussels\/wp-content\/uploads\/2022\/09\/POUR-LE-WEB_memberofcirclemade.png","width":1242,"height":1241},{"@type":"BreadcrumbList","@id":"https:\/\/www.lively.brussels\/index.php\/about\/#breadcrumb","itemListElement":[{"@type":"ListItem","position":1,"name":"Accueil","item":"https:\/\/www.lively.brussels\/"},{"@type":"ListItem","position":2,"name":"About"}]},{"@type":"WebSite","@id":"https:\/\/www.lively.brussels\/#website","url":"https:\/\/www.lively.brussels\/","name":"LIVELY - Le WebMag de l&#039;\u00e9conomie circulaire","description":"Pour tout savoir de l&#039;\u00e9conomie circulaire \u00e0 Bruxelles, en Belgique et dans le reste de l&#039;univers","publisher":{"@id":"https:\/\/www.lively.brussels\/#organization"},"potentialAction":[{"@type":"SearchAction","target":{"@type":"EntryPoint","urlTemplate":"https:\/\/www.lively.brussels\/?s={search_term_string}"},"query-input":{"@type":"PropertyValueSpecification","valueRequired":true,"valueName":"search_term_string"}}],"inLanguage":"fr-FR"},{"@type":"Organization","@id":"https:\/\/www.lively.brussels\/#organization","name":"Sense Brussels SCRL","url":"https:\/\/www.lively.brussels\/","logo":{"@type":"ImageObject","inLanguage":"fr-FR","@id":"https:\/\/www.lively.brussels\/#\/schema\/logo\/image\/","url":"https:\/\/www.lively.brussels\/wp-content\/uploads\/2020\/08\/Lively_Favicon.jpg","contentUrl":"https:\/\/www.lively.brussels\/wp-content\/uploads\/2020\/08\/Lively_Favicon.jpg","width":134,"height":134,"caption":"Sense Brussels SCRL"},"image":{"@id":"https:\/\/www.lively.brussels\/#\/schema\/logo\/image\/"},"sameAs":["https:\/\/www.facebook.com\/LivelyBrussels\/","https:\/\/x.com\/BrusselsLively","https:\/\/www.instagram.com\/livelybrussels\/","https:\/\/www.linkedin.com\/company\/lively-brussels"]}]}},"_links":{"self":[{"href":"https:\/\/www.lively.brussels\/index.php\/wp-json\/wp\/v2\/pages\/221","targetHints":{"allow":["GET"]}}],"collection":[{"href":"https:\/\/www.lively.brussels\/index.php\/wp-json\/wp\/v2\/pages"}],"about":[{"href":"https:\/\/www.lively.brussels\/index.php\/wp-json\/wp\/v2\/types\/page"}],"author":[{"embeddable":true,"href":"https:\/\/www.lively.brussels\/index.php\/wp-json\/wp\/v2\/users\/2"}],"replies":[{"embeddable":true,"href":"https:\/\/www.lively.brussels\/index.php\/wp-json\/wp\/v2\/comments?post=221"}],"version-history":[{"count":42,"href":"https:\/\/www.lively.brussels\/index.php\/wp-json\/wp\/v2\/pages\/221\/revisions"}],"predecessor-version":[{"id":6222,"href":"https:\/\/www.lively.brussels\/index.php\/wp-json\/wp\/v2\/pages\/221\/revisions\/6222"}],"wp:attachment":[{"href":"https:\/\/www.lively.brussels\/index.php\/wp-json\/wp\/v2\/media?parent=221"}],"curies":[{"name":"wp","href":"https:\/\/api.w.org\/{rel}","templated":true}]}}