{"id":2539,"date":"2021-04-30T10:14:15","date_gmt":"2021-04-30T10:14:15","guid":{"rendered":"https:\/\/www.lively.brussels\/?page_id=2539"},"modified":"2021-05-03T10:41:23","modified_gmt":"2021-05-03T10:41:23","slug":"reparators-map","status":"publish","type":"page","link":"https:\/\/www.lively.brussels\/index.php\/maps\/reparators-map\/","title":{"rendered":"Reparators &#8211; La Map"},"content":{"rendered":"\n<p>Les bons plans pour tout r\u00e9parer \u00e0 Bruxelles : PC, v\u00e9los, GSM, \u00e9l\u00e9ctrom\u00e9nager, jouets&#8230;<br>C&rsquo;est \u00e0 vous !<\/p>\n\n\n\r\n            \r\n            \r\n            \r\n            <a name='map4'><\/a>\r\n            <div class='wpgmza-marker-listing-category-filter' data-map-id='4' id='wpgmza_filter_4' style='text-align:left; margin-bottom:0px;'><span>Filtrer par<\/span><select mid=\"4\" id=\"wpgmza_filter_select\" name=\"wpgmza_filter_select\"><option value=\"0\">Tous<\/option><option value=\"4\">&nbsp;Design &amp; Mobilier<\/option><option value=\"5\">&nbsp;Do It Yourself<\/option><option value=\"16\">&nbsp;Electrom\u00e9nager<\/option><option value=\"17\">&nbsp;Electronique<\/option><option value=\"20\">&nbsp;FabLab<\/option><option value=\"6\">&nbsp;Formation<\/option><option value=\"18\">&nbsp;GSM - Mobile Phones<\/option><option value=\"15\">&nbsp;Informatique<\/option><option value=\"7\">&nbsp;Jeux &amp; Jouets<\/option><option value=\"8\">&nbsp;Livres &amp; Disques<\/option><option value=\"10\">&nbsp;Mobilit\u00e9<\/option><option value=\"11\">&nbsp;Mode &amp; Habillement<\/option><option value=\"13\">&nbsp;R\u00e9parateurs<\/option><option value=\"19\">&nbsp;V\u00e9los<\/option><\/select><\/div>\r\n            \r\n            \r\n            \r\n            <div class=\"wpgmza_map \"  id=\"wpgmza_map_4\" style=\"display:block; overflow:auto; width:100%; height:700px; float:left;\" data-settings='{\"id\":\"4\",\"map_title\":\"REPARATORS MAP\",\"map_width\":\"100\",\"map_height\":\"700\",\"map_start_lat\":\"50.84909404660751\",\"map_start_lng\":\"4.361131739561412\",\"map_start_location\":\"\",\"map_start_zoom\":\"12\",\"default_marker\":\"\",\"type\":\"1\",\"alignment\":\"0\",\"directions_enabled\":\"0\",\"styling_enabled\":\"0\",\"styling_json\":\"\",\"active\":\"0\",\"kml\":\"\",\"bicycle\":\"0\",\"traffic\":\"0\",\"dbox\":\"1\",\"dbox_width\":\"100\",\"listmarkers\":\"0\",\"listmarkers_advanced\":\"0\",\"filterbycat\":\"1\",\"ugm_enabled\":\"0\",\"ugm_category_enabled\":\"0\",\"fusion\":\"\",\"map_width_type\":\"%\",\"map_height_type\":\"px\",\"mass_marker_support\":\"0\",\"ugm_access\":\"0\",\"order_markers_by\":\"2\",\"order_markers_choice\":\"1\",\"show_user_location\":\"0\",\"default_to\":\"\",\"other_settings\":{\"map_type\":1,\"sl_stroke_color\":\"#ff0000\",\"sl_fill_color\":\"#ff0000\",\"sl_stroke_opacity\":\"1\",\"sl_fill_opacity\":\"0.5\",\"transport_layer\":false,\"action\":\"wpgmza_save_map\",\"redirect_to\":\"\\\/wp-admin\\\/admin-post.php\",\"map_id\":\"4\",\"http_referer\":\"\\\/wp-admin\\\/admin.php?page=wp-google-maps-menu&amp;action=edit&amp;map_id=4\",\"wpgmza_id\":\"4\",\"wpgmza_start_location\":\"50.84909404660751,4.361131739561412\",\"wpgmza_start_zoom\":\"12\",\"wpgmza_theme_data\":\"\",\"wpgmza_dbox_width_type\":\"%\",\"default_from\":\"\",\"directions_behaviour\":\"default\",\"force_google_directions_app\":false,\"directions_route_origin_icon\":\"\\\/\\\/www.lively.brussels\\\/wp-content\\\/uploads\\\/2020\\\/12\\\/Lively_Pins_Small.png\",\"directions_origin_retina\":false,\"directions_route_destination_icon\":\"\\\/\\\/www.lively.brussels\\\/wp-content\\\/uploads\\\/2020\\\/12\\\/Lively_Pins_Small.png\",\"directions_destination_retina\":false,\"directions_route_stroke_color\":\"#4f8df5\",\"directions_route_stroke_weight\":\"4\",\"directions_route_stroke_opacity\":\"0.8\",\"directions_fit_bounds_to_route\":false,\"store_locator_enabled\":false,\"store_locator_search_area\":\"radial\",\"wpgmza_store_locator_radius_style\":\"legacy\",\"wpgmza_store_locator_default_radius\":\"10\",\"store_locator_auto_area_max_zoom\":\"\",\"wpgmza_store_locator_restrict\":\"\",\"store_locator_distance\":false,\"wpgmza_store_locator_position\":false,\"store_locator_show_distance\":false,\"store_locator_category\":false,\"wpgmza_store_locator_use_their_location\":false,\"wpgmza_store_locator_bounce\":false,\"upload_default_sl_marker\":\"\",\"retina\":false,\"wpgmza_sl_animation\":\"0\",\"wpgmza_store_locator_hide_before_search\":false,\"store_locator_query_string\":\"\",\"store_locator_default_address\":\"\",\"store_locator_name_search\":false,\"store_locator_name_string\":\"\",\"store_locator_not_found_message\":\"\",\"wpgmza_map_align\":\"1\",\"upload_default_ul_marker\":\"\",\"jump_to_nearest_marker_on_initialization\":false,\"automatically_pan_to_users_location\":false,\"override_users_location_zoom_level\":false,\"override_users_location_zoom_levels\":\"\",\"show_distance_from_location\":false,\"map_max_zoom\":\"21\",\"map_min_zoom\":\"0\",\"click_open_link\":false,\"fit_maps_bounds_to_markers\":false,\"fit_maps_bounds_to_markers_after_filtering\":false,\"hide_point_of_interest\":false,\"wpgmza_zoom_on_marker_click\":false,\"wpgmza_zoom_on_marker_click_slider\":\"\",\"close_infowindow_on_map_click\":false,\"disable_lightbox_images\":false,\"use_Raw_Jpeg_Coordinates\":false,\"polygon_labels\":false,\"disable_polygon_info_windows\":false,\"enable_advanced_custom_fields_integration\":false,\"enable_toolset_woocommerce_integration\":false,\"only_load_markers_within_viewport\":false,\"iw_primary_color\":\"\",\"iw_accent_color\":\"\",\"iw_text_color\":\"\",\"wpgmza_listmarkers_by\":\"4\",\"wpgmza_marker_listing_position\":false,\"wpgmza_push_in_map\":false,\"wpgmza_push_in_map_placement\":\"1\",\"wpgmza_push_in_map_width\":\"\",\"wpgmza_push_in_map_height\":\"\",\"datatable_no_result_message\":\"\",\"remove_search_box_datables\":false,\"dataTable_pagination_style\":\"default\",\"datatable_search_string\":\"\",\"datatable_result_start\":\"\",\"datatable_result_of\":\"\",\"datatable_result_to\":\"\",\"datatable_result_total\":\"\",\"datatable_result_show\":\"\",\"datatable_result_entries\":\"\",\"wpgmza_savemap\":\"Enregistrer la carte \\u00bb\",\"shortcodeAttributes\":{\"id\":\"4\"}}}' data-map-id='4' data-shortcode-attributes='{\"id\":\"4\"}'> <\/div>\r\n            \r\n            <div data-wpgmza-table data-wpgmza-php-class=\"WPGMZA\\MarkerListing\\BasicList\" data-wpgmza-rest-api-route=\"\/marker-listing\/\" data-wpgmza-marker-listing=\"true\" class=\"wpgmza_marker_list_class\" style=\"width:100%;\" data-wpgmza-ajax-parameters='{\"map_id\":\"4\"}' id=\"wpgmza_marker_list_4\"><\/div>   \r\n        \n\n\n\n<hr class=\"wp-block-separator\"\/>\n\n\n\n<div class=\"wp-block-image\"><figure class=\"aligncenter size-large is-resized\"><img loading=\"lazy\" decoding=\"async\" src=\"https:\/\/www.lively.brussels\/wp-content\/uploads\/2020\/06\/creative-commons-logo-copy.jpg\" alt=\"\" class=\"wp-image-434\" width=\"200\" height=\"143\" srcset=\"https:\/\/www.lively.brussels\/wp-content\/uploads\/2020\/06\/creative-commons-logo-copy.jpg 400w, https:\/\/www.lively.brussels\/wp-content\/uploads\/2020\/06\/creative-commons-logo-copy-300x215.jpg 300w\" sizes=\"auto, (max-width: 200px) 100vw, 200px\" \/><\/figure><\/div>\n\n\n\n<p class=\"has-text-align-center has-small-font-size\"><a href=\"https:\/\/www.lively.brussels\/index.php\/2020\/09\/30\/creative-come-on\/\" target=\"_blank\" rel=\"noreferrer noopener\">Cet article est sous Licence Creative Commons.<\/a><br>Vous \u00eates libre de le r\u00e9utiliser (en mentionnant l\u2019auteur \u2013 BY) mais pas pour un usage commercial (NC) et pour le partager dans les m\u00eames conditions (SA).<br><a href=\"https:\/\/creativecommons.org\/licenses\/?lang=fr\" target=\"_blank\" rel=\"noreferrer noopener\">All about Creative Commons<\/a><\/p>\n","protected":false},"excerpt":{"rendered":"<p>Les bons plans pour tout r\u00e9parer \u00e0 Bruxelles : PC, v\u00e9los, GSM, \u00e9l\u00e9ctrom\u00e9nager, jouets&#8230;C&rsquo;est \u00e0 vous ! Cet article est sous Licence Creative Commons.Vous \u00eates libre de le r\u00e9utiliser (en mentionnant l\u2019auteur \u2013 BY) mais [&hellip;]<\/p>\n","protected":false},"author":9,"featured_media":0,"parent":397,"menu_order":30,"comment_status":"closed","ping_status":"closed","template":"","meta":{"ngg_post_thumbnail":0,"footnotes":""},"class_list":["post-2539","page","type-page","status-publish","hentry","entry-card--text"],"yoast_head":"<!-- This site is optimized with the Yoast SEO plugin v27.5 - https:\/\/yoast.com\/product\/yoast-seo-wordpress\/ -->\n<title>Reparators - La Map &#060; LIVELY - Le WebMag de l&#039;\u00e9conomie circulaire<\/title>\n<meta name=\"robots\" content=\"index, follow, max-snippet:-1, max-image-preview:large, max-video-preview:-1\" \/>\n<link rel=\"canonical\" href=\"https:\/\/www.lively.brussels\/index.php\/maps\/reparators-map\/\" \/>\n<meta property=\"og:locale\" content=\"fr_FR\" \/>\n<meta property=\"og:type\" content=\"article\" \/>\n<meta property=\"og:title\" content=\"Reparators - La Map &#060; LIVELY - Le WebMag de l&#039;\u00e9conomie circulaire\" \/>\n<meta property=\"og:description\" content=\"Les bons plans pour tout r\u00e9parer \u00e0 Bruxelles : PC, v\u00e9los, GSM, \u00e9l\u00e9ctrom\u00e9nager, jouets&#8230;C&rsquo;est \u00e0 vous ! Cet article est sous Licence Creative Commons.Vous \u00eates libre de le r\u00e9utiliser (en mentionnant l\u2019auteur \u2013 BY) mais [&hellip;]\" \/>\n<meta property=\"og:url\" content=\"https:\/\/www.lively.brussels\/index.php\/maps\/reparators-map\/\" \/>\n<meta property=\"og:site_name\" content=\"LIVELY - Le WebMag de l&#039;\u00e9conomie circulaire\" \/>\n<meta property=\"article:publisher\" content=\"https:\/\/www.facebook.com\/LivelyBrussels\/\" \/>\n<meta property=\"article:modified_time\" content=\"2021-05-03T10:41:23+00:00\" \/>\n<meta property=\"og:image\" content=\"https:\/\/www.lively.brussels\/wp-content\/uploads\/2020\/06\/creative-commons-logo-copy.jpg\" \/>\n<meta name=\"twitter:card\" content=\"summary_large_image\" \/>\n<meta name=\"twitter:site\" content=\"@BrusselsLively\" \/>\n<meta name=\"twitter:label1\" content=\"Dur\u00e9e de lecture estim\u00e9e\" \/>\n\t<meta name=\"twitter:data1\" content=\"1 minute\" \/>\n<script type=\"application\/ld+json\" class=\"yoast-schema-graph\">{\"@context\":\"https:\\\/\\\/schema.org\",\"@graph\":[{\"@type\":\"WebPage\",\"@id\":\"https:\\\/\\\/www.lively.brussels\\\/index.php\\\/maps\\\/reparators-map\\\/\",\"url\":\"https:\\\/\\\/www.lively.brussels\\\/index.php\\\/maps\\\/reparators-map\\\/\",\"name\":\"Reparators - La Map &#060; LIVELY - Le WebMag de l&#039;\u00e9conomie circulaire\",\"isPartOf\":{\"@id\":\"https:\\\/\\\/www.lively.brussels\\\/#website\"},\"primaryImageOfPage\":{\"@id\":\"https:\\\/\\\/www.lively.brussels\\\/index.php\\\/maps\\\/reparators-map\\\/#primaryimage\"},\"image\":{\"@id\":\"https:\\\/\\\/www.lively.brussels\\\/index.php\\\/maps\\\/reparators-map\\\/#primaryimage\"},\"thumbnailUrl\":\"https:\\\/\\\/www.lively.brussels\\\/wp-content\\\/uploads\\\/2020\\\/06\\\/creative-commons-logo-copy.jpg\",\"datePublished\":\"2021-04-30T10:14:15+00:00\",\"dateModified\":\"2021-05-03T10:41:23+00:00\",\"breadcrumb\":{\"@id\":\"https:\\\/\\\/www.lively.brussels\\\/index.php\\\/maps\\\/reparators-map\\\/#breadcrumb\"},\"inLanguage\":\"fr-FR\",\"potentialAction\":[{\"@type\":\"ReadAction\",\"target\":[\"https:\\\/\\\/www.lively.brussels\\\/index.php\\\/maps\\\/reparators-map\\\/\"]}]},{\"@type\":\"ImageObject\",\"inLanguage\":\"fr-FR\",\"@id\":\"https:\\\/\\\/www.lively.brussels\\\/index.php\\\/maps\\\/reparators-map\\\/#primaryimage\",\"url\":\"https:\\\/\\\/www.lively.brussels\\\/wp-content\\\/uploads\\\/2020\\\/06\\\/creative-commons-logo-copy.jpg\",\"contentUrl\":\"https:\\\/\\\/www.lively.brussels\\\/wp-content\\\/uploads\\\/2020\\\/06\\\/creative-commons-logo-copy.jpg\",\"width\":400,\"height\":286},{\"@type\":\"BreadcrumbList\",\"@id\":\"https:\\\/\\\/www.lively.brussels\\\/index.php\\\/maps\\\/reparators-map\\\/#breadcrumb\",\"itemListElement\":[{\"@type\":\"ListItem\",\"position\":1,\"name\":\"Accueil\",\"item\":\"https:\\\/\\\/www.lively.brussels\\\/\"},{\"@type\":\"ListItem\",\"position\":2,\"name\":\"Maps\",\"item\":\"https:\\\/\\\/www.lively.brussels\\\/index.php\\\/maps\\\/\"},{\"@type\":\"ListItem\",\"position\":3,\"name\":\"Reparators &#8211; La Map\"}]},{\"@type\":\"WebSite\",\"@id\":\"https:\\\/\\\/www.lively.brussels\\\/#website\",\"url\":\"https:\\\/\\\/www.lively.brussels\\\/\",\"name\":\"LIVELY - Le WebMag de l&#039;\u00e9conomie circulaire\",\"description\":\"Pour tout savoir de l&#039;\u00e9conomie circulaire \u00e0 Bruxelles, en Belgique et dans le reste de l&#039;univers\",\"publisher\":{\"@id\":\"https:\\\/\\\/www.lively.brussels\\\/#organization\"},\"potentialAction\":[{\"@type\":\"SearchAction\",\"target\":{\"@type\":\"EntryPoint\",\"urlTemplate\":\"https:\\\/\\\/www.lively.brussels\\\/?s={search_term_string}\"},\"query-input\":{\"@type\":\"PropertyValueSpecification\",\"valueRequired\":true,\"valueName\":\"search_term_string\"}}],\"inLanguage\":\"fr-FR\"},{\"@type\":\"Organization\",\"@id\":\"https:\\\/\\\/www.lively.brussels\\\/#organization\",\"name\":\"Sense Brussels SCRL\",\"url\":\"https:\\\/\\\/www.lively.brussels\\\/\",\"logo\":{\"@type\":\"ImageObject\",\"inLanguage\":\"fr-FR\",\"@id\":\"https:\\\/\\\/www.lively.brussels\\\/#\\\/schema\\\/logo\\\/image\\\/\",\"url\":\"https:\\\/\\\/www.lively.brussels\\\/wp-content\\\/uploads\\\/2020\\\/08\\\/Lively_Favicon.jpg\",\"contentUrl\":\"https:\\\/\\\/www.lively.brussels\\\/wp-content\\\/uploads\\\/2020\\\/08\\\/Lively_Favicon.jpg\",\"width\":134,\"height\":134,\"caption\":\"Sense Brussels SCRL\"},\"image\":{\"@id\":\"https:\\\/\\\/www.lively.brussels\\\/#\\\/schema\\\/logo\\\/image\\\/\"},\"sameAs\":[\"https:\\\/\\\/www.facebook.com\\\/LivelyBrussels\\\/\",\"https:\\\/\\\/x.com\\\/BrusselsLively\",\"https:\\\/\\\/www.instagram.com\\\/livelybrussels\\\/\",\"https:\\\/\\\/www.linkedin.com\\\/company\\\/lively-brussels\"]}]}<\/script>\n<!-- \/ Yoast SEO plugin. -->","yoast_head_json":{"title":"Reparators - La Map &#060; LIVELY - Le WebMag de l&#039;\u00e9conomie circulaire","robots":{"index":"index","follow":"follow","max-snippet":"max-snippet:-1","max-image-preview":"max-image-preview:large","max-video-preview":"max-video-preview:-1"},"canonical":"https:\/\/www.lively.brussels\/index.php\/maps\/reparators-map\/","og_locale":"fr_FR","og_type":"article","og_title":"Reparators - La Map &#060; LIVELY - Le WebMag de l&#039;\u00e9conomie circulaire","og_description":"Les bons plans pour tout r\u00e9parer \u00e0 Bruxelles : PC, v\u00e9los, GSM, \u00e9l\u00e9ctrom\u00e9nager, jouets&#8230;C&rsquo;est \u00e0 vous ! Cet article est sous Licence Creative Commons.Vous \u00eates libre de le r\u00e9utiliser (en mentionnant l\u2019auteur \u2013 BY) mais [&hellip;]","og_url":"https:\/\/www.lively.brussels\/index.php\/maps\/reparators-map\/","og_site_name":"LIVELY - Le WebMag de l&#039;\u00e9conomie circulaire","article_publisher":"https:\/\/www.facebook.com\/LivelyBrussels\/","article_modified_time":"2021-05-03T10:41:23+00:00","og_image":[{"url":"https:\/\/www.lively.brussels\/wp-content\/uploads\/2020\/06\/creative-commons-logo-copy.jpg","type":"","width":"","height":""}],"twitter_card":"summary_large_image","twitter_site":"@BrusselsLively","twitter_misc":{"Dur\u00e9e de lecture estim\u00e9e":"1 minute"},"schema":{"@context":"https:\/\/schema.org","@graph":[{"@type":"WebPage","@id":"https:\/\/www.lively.brussels\/index.php\/maps\/reparators-map\/","url":"https:\/\/www.lively.brussels\/index.php\/maps\/reparators-map\/","name":"Reparators - La Map &#060; LIVELY - Le WebMag de l&#039;\u00e9conomie circulaire","isPartOf":{"@id":"https:\/\/www.lively.brussels\/#website"},"primaryImageOfPage":{"@id":"https:\/\/www.lively.brussels\/index.php\/maps\/reparators-map\/#primaryimage"},"image":{"@id":"https:\/\/www.lively.brussels\/index.php\/maps\/reparators-map\/#primaryimage"},"thumbnailUrl":"https:\/\/www.lively.brussels\/wp-content\/uploads\/2020\/06\/creative-commons-logo-copy.jpg","datePublished":"2021-04-30T10:14:15+00:00","dateModified":"2021-05-03T10:41:23+00:00","breadcrumb":{"@id":"https:\/\/www.lively.brussels\/index.php\/maps\/reparators-map\/#breadcrumb"},"inLanguage":"fr-FR","potentialAction":[{"@type":"ReadAction","target":["https:\/\/www.lively.brussels\/index.php\/maps\/reparators-map\/"]}]},{"@type":"ImageObject","inLanguage":"fr-FR","@id":"https:\/\/www.lively.brussels\/index.php\/maps\/reparators-map\/#primaryimage","url":"https:\/\/www.lively.brussels\/wp-content\/uploads\/2020\/06\/creative-commons-logo-copy.jpg","contentUrl":"https:\/\/www.lively.brussels\/wp-content\/uploads\/2020\/06\/creative-commons-logo-copy.jpg","width":400,"height":286},{"@type":"BreadcrumbList","@id":"https:\/\/www.lively.brussels\/index.php\/maps\/reparators-map\/#breadcrumb","itemListElement":[{"@type":"ListItem","position":1,"name":"Accueil","item":"https:\/\/www.lively.brussels\/"},{"@type":"ListItem","position":2,"name":"Maps","item":"https:\/\/www.lively.brussels\/index.php\/maps\/"},{"@type":"ListItem","position":3,"name":"Reparators &#8211; La Map"}]},{"@type":"WebSite","@id":"https:\/\/www.lively.brussels\/#website","url":"https:\/\/www.lively.brussels\/","name":"LIVELY - Le WebMag de l&#039;\u00e9conomie circulaire","description":"Pour tout savoir de l&#039;\u00e9conomie circulaire \u00e0 Bruxelles, en Belgique et dans le reste de l&#039;univers","publisher":{"@id":"https:\/\/www.lively.brussels\/#organization"},"potentialAction":[{"@type":"SearchAction","target":{"@type":"EntryPoint","urlTemplate":"https:\/\/www.lively.brussels\/?s={search_term_string}"},"query-input":{"@type":"PropertyValueSpecification","valueRequired":true,"valueName":"search_term_string"}}],"inLanguage":"fr-FR"},{"@type":"Organization","@id":"https:\/\/www.lively.brussels\/#organization","name":"Sense Brussels SCRL","url":"https:\/\/www.lively.brussels\/","logo":{"@type":"ImageObject","inLanguage":"fr-FR","@id":"https:\/\/www.lively.brussels\/#\/schema\/logo\/image\/","url":"https:\/\/www.lively.brussels\/wp-content\/uploads\/2020\/08\/Lively_Favicon.jpg","contentUrl":"https:\/\/www.lively.brussels\/wp-content\/uploads\/2020\/08\/Lively_Favicon.jpg","width":134,"height":134,"caption":"Sense Brussels SCRL"},"image":{"@id":"https:\/\/www.lively.brussels\/#\/schema\/logo\/image\/"},"sameAs":["https:\/\/www.facebook.com\/LivelyBrussels\/","https:\/\/x.com\/BrusselsLively","https:\/\/www.instagram.com\/livelybrussels\/","https:\/\/www.linkedin.com\/company\/lively-brussels"]}]}},"_links":{"self":[{"href":"https:\/\/www.lively.brussels\/index.php\/wp-json\/wp\/v2\/pages\/2539","targetHints":{"allow":["GET"]}}],"collection":[{"href":"https:\/\/www.lively.brussels\/index.php\/wp-json\/wp\/v2\/pages"}],"about":[{"href":"https:\/\/www.lively.brussels\/index.php\/wp-json\/wp\/v2\/types\/page"}],"author":[{"embeddable":true,"href":"https:\/\/www.lively.brussels\/index.php\/wp-json\/wp\/v2\/users\/9"}],"replies":[{"embeddable":true,"href":"https:\/\/www.lively.brussels\/index.php\/wp-json\/wp\/v2\/comments?post=2539"}],"version-history":[{"count":6,"href":"https:\/\/www.lively.brussels\/index.php\/wp-json\/wp\/v2\/pages\/2539\/revisions"}],"predecessor-version":[{"id":2567,"href":"https:\/\/www.lively.brussels\/index.php\/wp-json\/wp\/v2\/pages\/2539\/revisions\/2567"}],"up":[{"embeddable":true,"href":"https:\/\/www.lively.brussels\/index.php\/wp-json\/wp\/v2\/pages\/397"}],"wp:attachment":[{"href":"https:\/\/www.lively.brussels\/index.php\/wp-json\/wp\/v2\/media?parent=2539"}],"curies":[{"name":"wp","href":"https:\/\/api.w.org\/{rel}","templated":true}]}}