{"id":693,"date":"2020-09-22T14:10:34","date_gmt":"2020-09-22T14:10:34","guid":{"rendered":"https:\/\/www.lively.brussels\/?page_id=693"},"modified":"2021-05-03T10:40:27","modified_gmt":"2021-05-03T10:40:27","slug":"velos-doccase-la-map","status":"publish","type":"page","link":"https:\/\/www.lively.brussels\/index.php\/maps\/velos-doccase-la-map\/","title":{"rendered":"V\u00e9los d&rsquo;occase &#8211; La map"},"content":{"rendered":"\r\n            \r\n            \r\n            \r\n            <a name='map2'><\/a>\r\n            \r\n            \r\n            \r\n            \r\n            <div class=\"wpgmza_map \"  id=\"wpgmza_map_2\" style=\"display:block; overflow:auto; width:100%; height:700px; float:left;\" data-settings='{\"id\":\"2\",\"map_title\":\"LIVELY-MAP-BIKES\",\"map_width\":\"100\",\"map_height\":\"700\",\"map_start_lat\":\"50.800035\",\"map_start_lng\":\"4.419214\",\"map_start_location\":\"50.800035,4.419214\",\"map_start_zoom\":\"11\",\"default_marker\":\"{\\\"url\\\":\\\"\\\\\\\/\\\\\\\/www.lively.brussels\\\\\\\/wp-content\\\\\\\/uploads\\\\\\\/2020\\\\\\\/12\\\\\\\/PIN_LIVELY_MAP.png\\\",\\\"retina\\\":0}\",\"type\":\"1\",\"alignment\":\"2\",\"directions_enabled\":\"1\",\"styling_enabled\":\"0\",\"styling_json\":\"\",\"active\":\"0\",\"kml\":\"\",\"bicycle\":\"0\",\"traffic\":\"0\",\"dbox\":\"1\",\"dbox_width\":\"100\",\"listmarkers\":\"0\",\"listmarkers_advanced\":\"0\",\"filterbycat\":\"0\",\"ugm_enabled\":\"0\",\"ugm_category_enabled\":\"0\",\"fusion\":\"\",\"map_width_type\":\"\\\\%\",\"map_height_type\":\"px\",\"mass_marker_support\":\"0\",\"ugm_access\":\"0\",\"order_markers_by\":\"5\",\"order_markers_choice\":\"2\",\"show_user_location\":\"2\",\"default_to\":\"\",\"other_settings\":{\"store_locator_style\":\"legacy\",\"wpgmza_store_locator_radius_style\":\"legacy\",\"directions_box_style\":\"modern\",\"show_distance_from_location\":0,\"map_max_zoom\":\"3\",\"map_min_zoom\":\"21\",\"sl_stroke_color\":\"\",\"sl_stroke_opacity\":\"\",\"sl_fill_color\":\"\",\"sl_fill_opacity\":\"\",\"jump_to_nearest_marker_on_initialization\":0,\"automatically_pan_to_users_location\":0,\"override_users_location_zoom_level\":0,\"click_open_link\":2,\"hide_point_of_interest\":false,\"fit_maps_bounds_to_markers\":false,\"fit_maps_bounds_to_markers_after_filtering\":false,\"wpgmza_auto_night\":0,\"transport_layer\":0,\"polygon_labels\":false,\"enable_marker_ratings\":false,\"iw_primary_color\":\"2A3744\",\"iw_accent_color\":\"252F3A\",\"iw_text_color\":\"FFFFFF\",\"wpgmza_iw_type\":\"0\",\"list_markers_by\":\"4\",\"push_in_map\":\"\",\"push_in_map_placement\":\"9\",\"wpgmza_push_in_map_width\":\"\",\"wpgmza_push_in_map_height\":\"\",\"wpgmza_theme_data\":\"\",\"upload_default_ul_marker\":\"\",\"upload_default_sl_marker\":\"\",\"wpgmza_dbox_width_type\":\"%\",\"default_from\":\"\",\"directions_behaviour\":\"default\",\"force_google_directions_app\":false,\"directions_route_origin_icon\":\"https:\\\/\\\/www.lively.brussels\\\/wp-content\\\/plugins\\\/wp-google-maps\\\/images\\\/spotlight-poi2.png\",\"retina\":false,\"directions_route_destination_icon\":\"https:\\\/\\\/www.lively.brussels\\\/wp-content\\\/plugins\\\/wp-google-maps\\\/images\\\/spotlight-poi2.png\",\"directions_route_stroke_color\":\"#4f8df5\",\"directions_route_stroke_weight\":\"4\",\"directions_route_stroke_opacity\":\"0.8\",\"enable_advanced_custom_fields_integration\":false,\"enable_toolset_woocommerce_integration\":false,\"shortcodeAttributes\":{\"id\":\"2\"}}}' data-map-id='2' data-shortcode-attributes='{\"id\":\"2\"}'> <\/div>\r\n            \r\n            <div data-wpgmza-table data-wpgmza-php-class=\"WPGMZA\\MarkerListing\\BasicList\" data-wpgmza-rest-api-route=\"\/marker-listing\/\" data-wpgmza-marker-listing=\"true\" class=\"wpgmza_marker_list_class\" style=\"width:100%;\" data-wpgmza-ajax-parameters='{\"map_id\":\"2\"}' id=\"wpgmza_marker_list_2\"><\/div>   \r\n        <div style=\"display:block; width:100%;\">\r\n\t\t\t\t\r\n\t\t\t\t<div class=\"wpgmza-directions-box wpgmaps_directions_outer_div style-modern\" data-map-id=\"2\" style=\"width:100%;display:none;clear:both;\" id=\"wpgmaps_directions_edit_2\">\n\t<h2 class=\"wpgmza-directions-box__title\">Obtenir un itin\u00e9raire<\/h2>\n\t\n\t<div class=\"wpgmza-directions-box-inner\" id=\"wpgmaps_directions_editbox_2\">\n\t\t<div class=\"wpgmza-directions-actions wpgmza-form-field\">\n\t\t\t<div class=\"wpgmza-directions__travel-mode\">\n\t\t\t\t<span class=\"wpgmza-travel-mode-option wpgmza-travel-option__selected\" data-mode=\"driving\">\n\t\t\t\t\t<img decoding=\"async\" src=\"https:\/\/www.lively.brussels\/wp-content\/plugins\/wp-google-maps-pro\/images\/icons\/directions_car.png\">\n\t\t\t\t<\/span>\n\t\t\t\t<span class=\"wpgmza-travel-mode-option\" data-mode=\"walking\">\n\t\t\t\t\t<img decoding=\"async\" src=\"https:\/\/www.lively.brussels\/wp-content\/plugins\/wp-google-maps-pro\/images\/icons\/directions_walking.png\">\n\t\t\t\t<\/span>\n\t\t\t\t<span class=\"wpgmza-travel-mode-option\" data-mode=\"transit\">\n\t\t\t\t\t<img decoding=\"async\" src=\"https:\/\/www.lively.brussels\/wp-content\/plugins\/wp-google-maps-pro\/images\/icons\/directions_transit.png\">\n\t\t\t\t<\/span>\n\t\t\t\t<span class=\"wpgmza-travel-mode-option\" data-mode=\"bicycling\">\n\t\t\t\t\t<img decoding=\"async\" src=\"https:\/\/www.lively.brussels\/wp-content\/plugins\/wp-google-maps-pro\/images\/icons\/directions_bike.png\">\n\t\t\t\t<\/span>\n\t\t\t<\/div>\n\n\t\t\t<div class=\"wpgmza-directions-locations\">\n\t\t\t\t<div class=\"wpgmza-directions-from wpgmza-form-field\">\n\n\t\t\t\t\t<i class=\"wpgmza-directions-from__icon fa fa-circle\"><\/i>\n\t\t\t\n\t\t\t\t\t<label class=\"wpgmza-form-field__label\" for=\"wpgmza_input_from_2\">\n\t\t\t\t\t\tDepuis\t\t\t\t\t<\/label>\n\t\t\t\t\t\n\t\t\t\t\t<input class=\"wpgmza-address wpgmza-directions-from wpgmza-form-field__input\" type=\"text\" placeholder=\"Depuis\" value=\"\" id=\"wpgmza_input_from_2\" style=\"width:80%;\" aria-label=\"Depuis\">\n\t\t\t\t\n\t\t\t\t<\/div>\n\n\t\t\t\t<div class=\"wpgmza-directions-to wpgmza-form-field wpgmaps_to_row\">\n\n\t\t\t\t\t<i class=\"wpgmza-directions-to__icon fa fas fa-map-marker\"><\/i>\n\n\t\t\t\t\t<label class=\"wpgmza-form-field__label\" for=\"wpgmza_input_to_2\">\n\t\t\t\t\t\t\u00c0\t\t\t\t\t<\/label>\n\t\t\t\t\t<input class=\"wpgmza-address wpgmza-form-field__input wpgmza-directions-to\" type=\"text\" placeholder=\"\u00c0\" value=\"\" id=\"wpgmza_input_to_2\" style=\"width:80%;\" aria-label=\"\u00c0\">\n\t\t\t\t<\/div>\n\t\t\t\t\n\t\t\t\t<div class=\"wpgmza-waypoint-via wpgmza-form-field wpgmza-form-field--no-pad wpgmaps_via wpgmaps_template\">\n\n\t\t\t\t\t<i class=\"wpgmza-directions-from__icon fa fa-circle\"><\/i>\n\t\t\t\t\n\t\t\t\t\t<input class=\"wpgmza-waypoint-via wpgmza-form-field__input wpgmaps_via\" type=\"text\" placeholder=\"Via\">\n\t\t\t\t\t\n\t\t\t\t\t<button href=\"javascript:%20;\" class=\"wpgmza_remove_via\">\n\t\t\t\t\t\t<i class=\"fa fa-times\"><\/i>\n\t\t\t\t\t<\/button>\n\t\t\t\t\t\n\t\t\t\t<\/div>\n\t\t\t\t\n\t\t\t\t<div class=\"wpgmza-add-waypoint wpgmza-form-field wpgmza-form-field--no-pad wpgmaps_add_waypoint\">\n\t\t\t\t\t<div class=\"wpgmaps_add_waypoint\">\n\t\t\t\t\t\t<a href=\"javascript:%20;\" class=\"wpgmaps_add_waypoint\" mapid=\"2\">\n\t\t\t\t\t\t\t<i class=\"fa fa-plus-circle\" aria-hidden=\"true\"><\/i>\n\t\t\t\t\t\t\tAjouter un point de cheminement\t\t\t\t\t\t<\/a>\n\t\t\t\t\t<\/div>\n\t\t\t\t<\/div>\n\t\t\t<\/div>\n\n\t\t\t<div class=\"wpgmza-hidden\">\n\t\t\t<label class=\"wpgmza-travel-mode wpgmza-form-field__label\" for=\"wpgmza_dir_type_2\">\n\t\t\t\tPour\t\t\t<\/label>\n\t\t\t<select class=\"wpgmza-travel-mode wpgmza-form-field__input\" name=\"wpgmza_dir_type_2\" id=\"wpgmza_dir_type_2\" aria-label=\"Pour\">\n\t\t\t\t<option value=\"driving\">\n\t\t\t\t\tConduite\t\t\t\t<\/option>\n\t\t\t\t<option value=\"walking\">\n\t\t\t\t\tMarche\t\t\t\t<\/option>\n\t\t\t\t<option value=\"transit\">\n\t\t\t\t\tTransit\t\t\t\t<\/option>\n\t\t\t\t<option value=\"bicycling\">\n\t\t\t\t\tV\u00e9lo\t\t\t\t<\/option>\n\t\t\t<\/select>\n\t\t\t<\/div>\n\t\t<\/div>\n\t\t\t\n\t\t<div class=\"wpgmza-directions-options__section\">\n\t\t\t<a href=\"javascript:;\" class=\"wpgmza-show-directions-options\" id=\"wpgmza_show_options_2\" mapid=\"2\">\n\t\t\t\tafficher les options\t\t\t<\/a>\n\t\t\t\n\t\t\t<a href=\"javascript:;\" class=\"wpgmza-hide-directions-options\" id=\"wpgmza_hide_options_2\" mapid=\"2\">\n\t\t\t\tmasquer les options\t\t\t<\/a>\n\t\t\t\n\t\t\t<div class=\"wpgmza-directions-options wpgmza-form-field wpgmza-form-field--no-pad wpgmza_dir_options\">\n\t\t\t\t<label class=\"class\">\n\t\t\t\t\t<input type=\"checkbox\" class=\"wpgmza-avoid-tolls\" value=\"tolls\" name=\"wpgmza_tolls_2\" id=\"wpgmza_tolls_2\">\n\t\t\t\t\t\u00c9vitez les p\u00e9ages\t\t\t\t<\/label>\n\t\t\t\t<label class=\"class\">\n\t\t\t\t\t<input type=\"checkbox\" class=\"wpgmza-avoid-highways\" value=\"highways\" name=\"wpgmza_highways_2\" id=\"wpgmza_highways_2\">\n\t\t\t\t\t\u00c9vitez les autoroutes\t\t\t\t<\/label>\n\t\t\t\t<label class=\"class\">\n\t\t\t\t\t<input type=\"checkbox\" class=\"wpgmza-avoid-ferries\" value=\"ferries\" name=\"wpgmza_ferries_2\" id=\"wpgmza_ferries_2\">\n\t\t\t\t\t\u00c9vitez les ferries\t\t\t\t<\/label>\n\t\t\t<\/div>\n\t\t<\/div>\n\t\t\n\t<\/div>\n\t\n\t<div class=\"wpgmza-directions-buttons wpgmza-form-field wpgmaps_to_row\">\n\t\t<input class=\"wpgmza-get-directions wpgmaps_get_directions\" onclick=\"javascript: ;\" type=\"button\" value=\"Aller\" id=\"2\">\n\t\t\n\t\t<span class=\"wpgmza-directions-result__buttons\">\n\t\t\t<a class=\"wpgmza-print-directions\" style=\"display: none;\" onclick=\"javascript: ;\" mapid=\"2\">\n\t\t\t\tImprimer les itin\u00e9raires\t\t\t<\/a>\n\t\t\t\n\t\t\t<a class=\"wpgmza-reset-directions\" style=\"display: none;\" onclick=\"javascript: ;\" mapid=\"2\">\n\t\t\t\tR\u00e9initialiser les itin\u00e9raires\t\t\t<\/a>\n\t\t<\/span>\n\t<\/div>\n<\/div>\r\n\t\t\t\t\r\n\t\t\t\t<div id=\"wpgmaps_directions_notification_2\" style=\"display:none;\">R\u00e9cup\u00e9ration d'itin\u00e9raire......<\/div>\r\n\t\t\t\t\r\n\t\t\t\t<div id=\"wpgmaps_directions_reset_2\" style=\"display:none;\">\r\n\r\n\t\t\t\t\t<a href='javascript:void(0)' onclick='wpgmza_reset_directions(2);' id='wpgmaps_reset_directions' title='R\u00e9initialiser les itin\u00e9raires'>R\u00e9initialiser les itin\u00e9raires<\/a>\r\n\t\t\t\t\t<br \/>\r\n\t\t\t\t\t<a href='javascript: ;' id='wpgmaps_print_directions_2' target='_blank' title='Imprimer les itin\u00e9raires'>Imprimer les itin\u00e9raires<\/a>\r\n\t\t\t\t<\/div>\r\n\t\t\t\t\r\n\t\t\t\t<div id=\"directions_panel_2\"><\/div>\r\n\r\n\t\t\t<\/div>\n\n\n\n<hr class=\"wp-block-separator\"\/>\n\n\n\n<div class=\"wp-block-image\"><figure class=\"aligncenter size-large is-resized\"><img loading=\"lazy\" decoding=\"async\" src=\"https:\/\/www.lively.brussels\/wp-content\/uploads\/2020\/09\/by-nc-sa.eu_.png\" alt=\"\" class=\"wp-image-879\" width=\"202\" height=\"71\" srcset=\"https:\/\/www.lively.brussels\/wp-content\/uploads\/2020\/09\/by-nc-sa.eu_.png 403w, https:\/\/www.lively.brussels\/wp-content\/uploads\/2020\/09\/by-nc-sa.eu_-300x105.png 300w\" sizes=\"auto, (max-width: 202px) 100vw, 202px\" \/><\/figure><\/div>\n\n\n\n<p class=\"has-text-align-center has-small-font-size\"><a href=\"https:\/\/www.lively.brussels\/index.php\/2020\/09\/30\/creative-come-on\/\" target=\"_blank\" rel=\"noreferrer noopener\">Cet article est sous Licence Creative Commons.<\/a><br>Vous \u00eates libre de le r\u00e9utiliser (en mentionnant l\u2019auteur \u2013 BY) mais pas pour un usage commercial (NC) et pour le partager dans les m\u00eames conditions (SA).<br><a href=\"https:\/\/creativecommons.org\/licenses\/?lang=fr\" target=\"_blank\" rel=\"noreferrer noopener\">All about Creative Commons<\/a><\/p>\n","protected":false},"excerpt":{"rendered":"<p>Cet article est sous Licence Creative Commons.Vous \u00eates libre de le r\u00e9utiliser (en mentionnant l\u2019auteur \u2013 BY) mais pas pour un usage commercial (NC) et pour le partager dans les m\u00eames conditions (SA).All about Creative [&hellip;]<\/p>\n","protected":false},"author":2,"featured_media":0,"parent":397,"menu_order":10,"comment_status":"closed","ping_status":"closed","template":"","meta":{"ngg_post_thumbnail":0,"footnotes":""},"class_list":["post-693","page","type-page","status-publish","hentry","entry-card--text"],"yoast_head":"<!-- This site is optimized with the Yoast SEO plugin v27.5 - https:\/\/yoast.com\/product\/yoast-seo-wordpress\/ -->\n<title>V\u00e9los d&#039;occase - La map &#060; LIVELY - Le WebMag de l&#039;\u00e9conomie circulaire<\/title>\n<meta name=\"robots\" content=\"index, follow, max-snippet:-1, max-image-preview:large, max-video-preview:-1\" \/>\n<link rel=\"canonical\" href=\"https:\/\/www.lively.brussels\/index.php\/maps\/velos-doccase-la-map\/\" \/>\n<meta property=\"og:locale\" content=\"fr_FR\" \/>\n<meta property=\"og:type\" content=\"article\" \/>\n<meta property=\"og:title\" content=\"V\u00e9los d&#039;occase - La map &#060; LIVELY - Le WebMag de l&#039;\u00e9conomie circulaire\" \/>\n<meta property=\"og:description\" content=\"Cet article est sous Licence Creative Commons.Vous \u00eates libre de le r\u00e9utiliser (en mentionnant l\u2019auteur \u2013 BY) mais pas pour un usage commercial (NC) et pour le partager dans les m\u00eames conditions (SA).All about Creative [&hellip;]\" \/>\n<meta property=\"og:url\" content=\"https:\/\/www.lively.brussels\/index.php\/maps\/velos-doccase-la-map\/\" \/>\n<meta property=\"og:site_name\" content=\"LIVELY - Le WebMag de l&#039;\u00e9conomie circulaire\" \/>\n<meta property=\"article:publisher\" content=\"https:\/\/www.facebook.com\/LivelyBrussels\/\" \/>\n<meta property=\"article:modified_time\" content=\"2021-05-03T10:40:27+00:00\" \/>\n<meta property=\"og:image\" content=\"https:\/\/www.lively.brussels\/wp-content\/uploads\/2020\/09\/by-nc-sa.eu_.png\" \/>\n<meta name=\"twitter:card\" content=\"summary_large_image\" \/>\n<meta name=\"twitter:site\" content=\"@BrusselsLively\" \/>\n<meta name=\"twitter:label1\" content=\"Dur\u00e9e de lecture estim\u00e9e\" \/>\n\t<meta name=\"twitter:data1\" content=\"1 minute\" \/>\n<script type=\"application\/ld+json\" class=\"yoast-schema-graph\">{\"@context\":\"https:\\\/\\\/schema.org\",\"@graph\":[{\"@type\":\"WebPage\",\"@id\":\"https:\\\/\\\/www.lively.brussels\\\/index.php\\\/maps\\\/velos-doccase-la-map\\\/\",\"url\":\"https:\\\/\\\/www.lively.brussels\\\/index.php\\\/maps\\\/velos-doccase-la-map\\\/\",\"name\":\"V\u00e9los d'occase - La map &#060; LIVELY - Le WebMag de l&#039;\u00e9conomie circulaire\",\"isPartOf\":{\"@id\":\"https:\\\/\\\/www.lively.brussels\\\/#website\"},\"primaryImageOfPage\":{\"@id\":\"https:\\\/\\\/www.lively.brussels\\\/index.php\\\/maps\\\/velos-doccase-la-map\\\/#primaryimage\"},\"image\":{\"@id\":\"https:\\\/\\\/www.lively.brussels\\\/index.php\\\/maps\\\/velos-doccase-la-map\\\/#primaryimage\"},\"thumbnailUrl\":\"https:\\\/\\\/www.lively.brussels\\\/wp-content\\\/uploads\\\/2020\\\/09\\\/by-nc-sa.eu_.png\",\"datePublished\":\"2020-09-22T14:10:34+00:00\",\"dateModified\":\"2021-05-03T10:40:27+00:00\",\"breadcrumb\":{\"@id\":\"https:\\\/\\\/www.lively.brussels\\\/index.php\\\/maps\\\/velos-doccase-la-map\\\/#breadcrumb\"},\"inLanguage\":\"fr-FR\",\"potentialAction\":[{\"@type\":\"ReadAction\",\"target\":[\"https:\\\/\\\/www.lively.brussels\\\/index.php\\\/maps\\\/velos-doccase-la-map\\\/\"]}]},{\"@type\":\"ImageObject\",\"inLanguage\":\"fr-FR\",\"@id\":\"https:\\\/\\\/www.lively.brussels\\\/index.php\\\/maps\\\/velos-doccase-la-map\\\/#primaryimage\",\"url\":\"https:\\\/\\\/www.lively.brussels\\\/wp-content\\\/uploads\\\/2020\\\/09\\\/by-nc-sa.eu_.png\",\"contentUrl\":\"https:\\\/\\\/www.lively.brussels\\\/wp-content\\\/uploads\\\/2020\\\/09\\\/by-nc-sa.eu_.png\",\"width\":403,\"height\":141},{\"@type\":\"BreadcrumbList\",\"@id\":\"https:\\\/\\\/www.lively.brussels\\\/index.php\\\/maps\\\/velos-doccase-la-map\\\/#breadcrumb\",\"itemListElement\":[{\"@type\":\"ListItem\",\"position\":1,\"name\":\"Accueil\",\"item\":\"https:\\\/\\\/www.lively.brussels\\\/\"},{\"@type\":\"ListItem\",\"position\":2,\"name\":\"Maps\",\"item\":\"https:\\\/\\\/www.lively.brussels\\\/index.php\\\/maps\\\/\"},{\"@type\":\"ListItem\",\"position\":3,\"name\":\"V\u00e9los d&#8217;occase &#8211; La map\"}]},{\"@type\":\"WebSite\",\"@id\":\"https:\\\/\\\/www.lively.brussels\\\/#website\",\"url\":\"https:\\\/\\\/www.lively.brussels\\\/\",\"name\":\"LIVELY - Le WebMag de l&#039;\u00e9conomie circulaire\",\"description\":\"Pour tout savoir de l&#039;\u00e9conomie circulaire \u00e0 Bruxelles, en Belgique et dans le reste de l&#039;univers\",\"publisher\":{\"@id\":\"https:\\\/\\\/www.lively.brussels\\\/#organization\"},\"potentialAction\":[{\"@type\":\"SearchAction\",\"target\":{\"@type\":\"EntryPoint\",\"urlTemplate\":\"https:\\\/\\\/www.lively.brussels\\\/?s={search_term_string}\"},\"query-input\":{\"@type\":\"PropertyValueSpecification\",\"valueRequired\":true,\"valueName\":\"search_term_string\"}}],\"inLanguage\":\"fr-FR\"},{\"@type\":\"Organization\",\"@id\":\"https:\\\/\\\/www.lively.brussels\\\/#organization\",\"name\":\"Sense Brussels SCRL\",\"url\":\"https:\\\/\\\/www.lively.brussels\\\/\",\"logo\":{\"@type\":\"ImageObject\",\"inLanguage\":\"fr-FR\",\"@id\":\"https:\\\/\\\/www.lively.brussels\\\/#\\\/schema\\\/logo\\\/image\\\/\",\"url\":\"https:\\\/\\\/www.lively.brussels\\\/wp-content\\\/uploads\\\/2020\\\/08\\\/Lively_Favicon.jpg\",\"contentUrl\":\"https:\\\/\\\/www.lively.brussels\\\/wp-content\\\/uploads\\\/2020\\\/08\\\/Lively_Favicon.jpg\",\"width\":134,\"height\":134,\"caption\":\"Sense Brussels SCRL\"},\"image\":{\"@id\":\"https:\\\/\\\/www.lively.brussels\\\/#\\\/schema\\\/logo\\\/image\\\/\"},\"sameAs\":[\"https:\\\/\\\/www.facebook.com\\\/LivelyBrussels\\\/\",\"https:\\\/\\\/x.com\\\/BrusselsLively\",\"https:\\\/\\\/www.instagram.com\\\/livelybrussels\\\/\",\"https:\\\/\\\/www.linkedin.com\\\/company\\\/lively-brussels\"]}]}<\/script>\n<!-- \/ Yoast SEO plugin. -->","yoast_head_json":{"title":"V\u00e9los d'occase - La map &#060; LIVELY - Le WebMag de l&#039;\u00e9conomie circulaire","robots":{"index":"index","follow":"follow","max-snippet":"max-snippet:-1","max-image-preview":"max-image-preview:large","max-video-preview":"max-video-preview:-1"},"canonical":"https:\/\/www.lively.brussels\/index.php\/maps\/velos-doccase-la-map\/","og_locale":"fr_FR","og_type":"article","og_title":"V\u00e9los d'occase - La map &#060; LIVELY - Le WebMag de l&#039;\u00e9conomie circulaire","og_description":"Cet article est sous Licence Creative Commons.Vous \u00eates libre de le r\u00e9utiliser (en mentionnant l\u2019auteur \u2013 BY) mais pas pour un usage commercial (NC) et pour le partager dans les m\u00eames conditions (SA).All about Creative [&hellip;]","og_url":"https:\/\/www.lively.brussels\/index.php\/maps\/velos-doccase-la-map\/","og_site_name":"LIVELY - Le WebMag de l&#039;\u00e9conomie circulaire","article_publisher":"https:\/\/www.facebook.com\/LivelyBrussels\/","article_modified_time":"2021-05-03T10:40:27+00:00","og_image":[{"url":"https:\/\/www.lively.brussels\/wp-content\/uploads\/2020\/09\/by-nc-sa.eu_.png","type":"","width":"","height":""}],"twitter_card":"summary_large_image","twitter_site":"@BrusselsLively","twitter_misc":{"Dur\u00e9e de lecture estim\u00e9e":"1 minute"},"schema":{"@context":"https:\/\/schema.org","@graph":[{"@type":"WebPage","@id":"https:\/\/www.lively.brussels\/index.php\/maps\/velos-doccase-la-map\/","url":"https:\/\/www.lively.brussels\/index.php\/maps\/velos-doccase-la-map\/","name":"V\u00e9los d'occase - La map &#060; LIVELY - Le WebMag de l&#039;\u00e9conomie circulaire","isPartOf":{"@id":"https:\/\/www.lively.brussels\/#website"},"primaryImageOfPage":{"@id":"https:\/\/www.lively.brussels\/index.php\/maps\/velos-doccase-la-map\/#primaryimage"},"image":{"@id":"https:\/\/www.lively.brussels\/index.php\/maps\/velos-doccase-la-map\/#primaryimage"},"thumbnailUrl":"https:\/\/www.lively.brussels\/wp-content\/uploads\/2020\/09\/by-nc-sa.eu_.png","datePublished":"2020-09-22T14:10:34+00:00","dateModified":"2021-05-03T10:40:27+00:00","breadcrumb":{"@id":"https:\/\/www.lively.brussels\/index.php\/maps\/velos-doccase-la-map\/#breadcrumb"},"inLanguage":"fr-FR","potentialAction":[{"@type":"ReadAction","target":["https:\/\/www.lively.brussels\/index.php\/maps\/velos-doccase-la-map\/"]}]},{"@type":"ImageObject","inLanguage":"fr-FR","@id":"https:\/\/www.lively.brussels\/index.php\/maps\/velos-doccase-la-map\/#primaryimage","url":"https:\/\/www.lively.brussels\/wp-content\/uploads\/2020\/09\/by-nc-sa.eu_.png","contentUrl":"https:\/\/www.lively.brussels\/wp-content\/uploads\/2020\/09\/by-nc-sa.eu_.png","width":403,"height":141},{"@type":"BreadcrumbList","@id":"https:\/\/www.lively.brussels\/index.php\/maps\/velos-doccase-la-map\/#breadcrumb","itemListElement":[{"@type":"ListItem","position":1,"name":"Accueil","item":"https:\/\/www.lively.brussels\/"},{"@type":"ListItem","position":2,"name":"Maps","item":"https:\/\/www.lively.brussels\/index.php\/maps\/"},{"@type":"ListItem","position":3,"name":"V\u00e9los d&#8217;occase &#8211; La map"}]},{"@type":"WebSite","@id":"https:\/\/www.lively.brussels\/#website","url":"https:\/\/www.lively.brussels\/","name":"LIVELY - Le WebMag de l&#039;\u00e9conomie circulaire","description":"Pour tout savoir de l&#039;\u00e9conomie circulaire \u00e0 Bruxelles, en Belgique et dans le reste de l&#039;univers","publisher":{"@id":"https:\/\/www.lively.brussels\/#organization"},"potentialAction":[{"@type":"SearchAction","target":{"@type":"EntryPoint","urlTemplate":"https:\/\/www.lively.brussels\/?s={search_term_string}"},"query-input":{"@type":"PropertyValueSpecification","valueRequired":true,"valueName":"search_term_string"}}],"inLanguage":"fr-FR"},{"@type":"Organization","@id":"https:\/\/www.lively.brussels\/#organization","name":"Sense Brussels SCRL","url":"https:\/\/www.lively.brussels\/","logo":{"@type":"ImageObject","inLanguage":"fr-FR","@id":"https:\/\/www.lively.brussels\/#\/schema\/logo\/image\/","url":"https:\/\/www.lively.brussels\/wp-content\/uploads\/2020\/08\/Lively_Favicon.jpg","contentUrl":"https:\/\/www.lively.brussels\/wp-content\/uploads\/2020\/08\/Lively_Favicon.jpg","width":134,"height":134,"caption":"Sense Brussels SCRL"},"image":{"@id":"https:\/\/www.lively.brussels\/#\/schema\/logo\/image\/"},"sameAs":["https:\/\/www.facebook.com\/LivelyBrussels\/","https:\/\/x.com\/BrusselsLively","https:\/\/www.instagram.com\/livelybrussels\/","https:\/\/www.linkedin.com\/company\/lively-brussels"]}]}},"_links":{"self":[{"href":"https:\/\/www.lively.brussels\/index.php\/wp-json\/wp\/v2\/pages\/693","targetHints":{"allow":["GET"]}}],"collection":[{"href":"https:\/\/www.lively.brussels\/index.php\/wp-json\/wp\/v2\/pages"}],"about":[{"href":"https:\/\/www.lively.brussels\/index.php\/wp-json\/wp\/v2\/types\/page"}],"author":[{"embeddable":true,"href":"https:\/\/www.lively.brussels\/index.php\/wp-json\/wp\/v2\/users\/2"}],"replies":[{"embeddable":true,"href":"https:\/\/www.lively.brussels\/index.php\/wp-json\/wp\/v2\/comments?post=693"}],"version-history":[{"count":32,"href":"https:\/\/www.lively.brussels\/index.php\/wp-json\/wp\/v2\/pages\/693\/revisions"}],"predecessor-version":[{"id":1999,"href":"https:\/\/www.lively.brussels\/index.php\/wp-json\/wp\/v2\/pages\/693\/revisions\/1999"}],"up":[{"embeddable":true,"href":"https:\/\/www.lively.brussels\/index.php\/wp-json\/wp\/v2\/pages\/397"}],"wp:attachment":[{"href":"https:\/\/www.lively.brussels\/index.php\/wp-json\/wp\/v2\/media?parent=693"}],"curies":[{"name":"wp","href":"https:\/\/api.w.org\/{rel}","templated":true}]}}